{"id":193,"date":"2022-03-30T13:07:43","date_gmt":"2022-03-30T11:07:43","guid":{"rendered":"https:\/\/www.marebaudiere.com\/?page_id=193"},"modified":"2025-12-15T15:01:25","modified_gmt":"2025-12-15T14:01:25","slug":"informacion-legal","status":"publish","type":"page","link":"https:\/\/www.marebaudiere.com\/es\/mentions-legales\/","title":{"rendered":"Informaci\u00f3n legal"},"content":{"rendered":"<div data-elementor-type=\"wp-page\" data-elementor-id=\"193\" class=\"elementor elementor-193\" data-elementor-post-type=\"page\">\n\t\t\t\t\t\t<section class=\"elementor-section elementor-top-section elementor-element elementor-element-1170cdb elementor-section-height-min-height elementor-section-full_width elementor-section-height-default elementor-section-items-middle\" data-id=\"1170cdb\" data-element_type=\"section\" data-e-type=\"section\" data-settings=\"{&quot;background_background&quot;:&quot;classic&quot;}\">\n\t\t\t\t\t\t\t<div class=\"elementor-background-overlay\"><\/div>\n\t\t\t\t\t\t\t<div class=\"elementor-container elementor-column-gap-default\">\n\t\t\t\t\t<div class=\"elementor-column elementor-col-100 elementor-top-column elementor-element elementor-element-cb72022\" data-id=\"cb72022\" data-element_type=\"column\" data-e-type=\"column\">\n\t\t\t<div class=\"elementor-widget-wrap elementor-element-populated\">\n\t\t\t\t\t\t<section class=\"elementor-section elementor-inner-section elementor-element elementor-element-55756d1 elementor-section-full_width elementor-section-height-default elementor-section-height-default\" data-id=\"55756d1\" data-element_type=\"section\" data-e-type=\"section\">\n\t\t\t\t\t\t<div class=\"elementor-container elementor-column-gap-default\">\n\t\t\t\t\t<div class=\"elementor-column elementor-col-100 elementor-inner-column elementor-element elementor-element-5dbf098\" data-id=\"5dbf098\" data-element_type=\"column\" data-e-type=\"column\">\n\t\t\t<div class=\"elementor-widget-wrap elementor-element-populated\">\n\t\t\t\t\t\t<div class=\"elementor-element elementor-element-9663dd3 elementor-widget elementor-widget-heading\" data-id=\"9663dd3\" data-element_type=\"widget\" data-e-type=\"widget\" data-widget_type=\"heading.default\">\n\t\t\t\t<div class=\"elementor-widget-container\">\n\t\t\t\t\t<h1 class=\"elementor-heading-title elementor-size-default\">Informaci\u00f3n legal<\/h1>\t\t\t\t<\/div>\n\t\t\t\t<\/div>\n\t\t\t\t\t<\/div>\n\t\t<\/div>\n\t\t\t\t\t<\/div>\n\t\t<\/section>\n\t\t\t\t\t<\/div>\n\t\t<\/div>\n\t\t\t\t\t<\/div>\n\t\t<\/section>\n\t\t\t\t<section class=\"elementor-section elementor-top-section elementor-element elementor-element-075b235 elementor-reverse-tablet elementor-reverse-mobile elementor-section-boxed elementor-section-height-default elementor-section-height-default\" data-id=\"075b235\" data-element_type=\"section\" data-e-type=\"section\">\n\t\t\t\t\t\t<div class=\"elementor-container elementor-column-gap-default\">\n\t\t\t\t\t<div class=\"elementor-column elementor-col-100 elementor-top-column elementor-element elementor-element-d9b631a\" data-id=\"d9b631a\" data-element_type=\"column\" data-e-type=\"column\">\n\t\t\t<div class=\"elementor-widget-wrap elementor-element-populated\">\n\t\t\t\t\t\t<div class=\"elementor-element elementor-element-f582a82 elementor-widget elementor-widget-heading\" data-id=\"f582a82\" data-element_type=\"widget\" data-e-type=\"widget\" data-widget_type=\"heading.default\">\n\t\t\t\t<div class=\"elementor-widget-container\">\n\t\t\t\t\t<span class=\"elementor-heading-title elementor-size-default\">Informaci\u00f3n legal<\/span>\t\t\t\t<\/div>\n\t\t\t\t<\/div>\n\t\t\t\t<div class=\"elementor-element elementor-element-6f4d7d4 elementor-widget elementor-widget-text-editor\" data-id=\"6f4d7d4\" data-element_type=\"widget\" data-e-type=\"widget\" data-widget_type=\"text-editor.default\">\n\t\t\t\t<div class=\"elementor-widget-container\">\n\t\t\t\t\t\t\t\t\t<p><strong>Nombre de la empresa operadora<\/strong> Hotel La Mar\u00e9baudi\u00e8re<br \/><strong>N\u00famero individual de identificaci\u00f3n a efectos del IVA<\/strong> FR92383348521<br \/><strong>Capital social<\/strong>\u00a0: 10 000 \u20ac<br \/><strong>Tel\u00e9fono<\/strong>\u00a0: +33 (0)2 31 22 29 48<br \/><strong>N\u00famero de llamada<\/strong> : 38334852100014<br \/><strong>Cr\u00e9dito de la foto<\/strong> : <!--StartFragment --><span class=\"cf0\">Morbihan Turismo \u2013 Laurent Rannou<\/span><!--EndFragment --><\/p><p><strong>Este sitio est\u00e1 alojado en :<\/strong> Hetzner Online GmbH - Industriestr. 25 - 91710 Gunzenhausen - Deutschland<\/p><h2>Responsabilidad<\/h2><p>Al acceder a este sitio, se le informa de que el uso de Internet exige el cumplimiento de una serie de leyes relativas, en particular, a los derechos de autor y a la Ley de Protecci\u00f3n de Datos. H\u00d4TEL LA MAREBAUDIERE y ELIOPHOT no se hacen responsables de posibles errores u omisiones, y el editor tambi\u00e9n se reserva el derecho de modificar y actualizar los datos del sitio en cualquier momento.<\/p><h2>Copyright<\/h2><p>En aplicaci\u00f3n del C\u00f3digo franc\u00e9s de la Propiedad Intelectual, la reproducci\u00f3n para cualquier uso que no sea privado, la venta, la distribuci\u00f3n, la publicaci\u00f3n, la adaptaci\u00f3n o la comunicaci\u00f3n, total o parcial, de los datos (presentaci\u00f3n, maquetaci\u00f3n del sitio, fotos, textos e ilustraciones protegidos por derechos de autor) est\u00e1n estrictamente sometidos a la autorizaci\u00f3n previa por escrito de los titulares de los derechos mencionados.<\/p><h2>Tecnolog\u00edas de la informaci\u00f3n y libertades civiles<\/h2><p>Todo usuario que haya comunicado directa o indirectamente informaci\u00f3n nominativa dispone de un derecho de acceso y rectificaci\u00f3n conforme a la ley n\u00b0 7817 del 6\/01\/78 (Inform\u00e1tica y Libertades) ante el administrador del sitio.<\/p><h2>Protecci\u00f3n de datos personales<\/h2><h3>Identidad del controlador<\/h3><p>El Sitio es publicado por la empresa operadora cuyos datos de contacto figuran m\u00e1s arriba.<br \/>El acceso al sitio web y el uso de sus contenidos est\u00e1n sujetos a las condiciones de uso que se describen a continuaci\u00f3n.<\/p><h3>Naturaleza de los datos personales<\/h3><p>Por \"datos personales\" se entiende cualquier informaci\u00f3n personal que usted pueda compartir con la empresa operadora y que pueda permitir a la empresa operadora, directa o indirectamente, identificarle como persona f\u00edsica, por ejemplo al visitar el sitio web, solicitar informaci\u00f3n, reservar una habitaci\u00f3n y otros servicios.<\/p><h3>Los datos personales recogidos<\/h3><p>Es posible que se le soliciten sus datos personales cuando navegue por el sitio web de la empresa operadora.<\/p><p>El car\u00e1cter obligatorio o facultativo de la informaci\u00f3n solicitada se indica en el momento de la recogida mediante un asterisco \"*\". La informaci\u00f3n solicitada marcada con un asterisco es obligatoria porque es esencial para la tramitaci\u00f3n de sus distintas solicitudes. El resto de la informaci\u00f3n tiene por objeto conocerle mejor y mejorar los servicios que le ofrecemos. Por tanto, es opcional.<\/p><p>La empresa operadora recoge y procesa su nombre, apellidos, direcci\u00f3n de correo electr\u00f3nico, direcci\u00f3n de facturaci\u00f3n, n\u00famero de tel\u00e9fono, direcci\u00f3n IP, datos de conexi\u00f3n y navegaci\u00f3n, sus preferencias e intereses (habitaci\u00f3n para no fumadores, habitaci\u00f3n preferida, tipo de estancia, etc.), sus opiniones en l\u00ednea.<\/p><h3>\u00bfCu\u00e1ndo se recogen sus datos personales?<\/h3><ul><li>Usted navega por el sitio web (direcci\u00f3n IP y cookies) y consulta productos o servicios;<\/li><li>Usted facilita a la empresa operadora sus observaciones\/comentarios en determinadas secciones, a trav\u00e9s de cuestionarios o formularios de contacto, p\u00e1gina oficial de las redes sociales de la empresa operadora;<\/li><li>Env\u00eda un correo electr\u00f3nico a la empresa operadora;<\/li><li>Se suscribe a la lista de distribuci\u00f3n del bolet\u00edn;<\/li><li>Usted comparte una p\u00e1gina o una oferta enviando un correo electr\u00f3nico o a trav\u00e9s de una red social;<\/li><li>Responde a un cuestionario de satisfacci\u00f3n;<\/li><li>Usted solicita un presupuesto.<\/li><\/ul><h3>Almacenamiento de datos<\/h3><p>La informaci\u00f3n recopilada se almacena en nuestros distintos sistemas de reservas en bases de datos seguras con certificaci\u00f3n SSL.<\/p><p>Esta base de datos incluye: nombres de los hu\u00e9spedes, direcciones, n\u00fameros de tel\u00e9fono, cargos, nombres de empresas y datos de tarjetas de cr\u00e9dito. Tambi\u00e9n podemos registrar otros datos, como sus preferencias de habitaci\u00f3n, comidas, bebidas y otros servicios, as\u00ed como su historial con nosotros.<\/p><h3>Finalidad de la recogida de datos por parte de la empresa explotadora<\/h3><p>A trav\u00e9s del sitio web, la empresa operadora recopila datos sobre usted que son estrictamente necesarios para los siguientes fines:<\/p><ol><li>Para gestionar sus solicitudes de informaci\u00f3n y reservas, as\u00ed como cualquier programa de fidelizaci\u00f3n;<\/li><li>Mejorar y personalizar los servicios de la empresa operadora para facilitar su navegaci\u00f3n por el sitio web;<\/li><li>Gestionar y supervisar toda la relaci\u00f3n con el cliente;<\/li><li>Gestionar la inscripci\u00f3n a las noticias y ofertas promocionales de la empresa operadora (bolet\u00edn informativo);<\/li><li>Gestionar todas sus solicitudes de acceso de conformidad con la legislaci\u00f3n vigente;<\/li><li>Gesti\u00f3n de impagados y litigios;<\/li><li>Gestionar las solicitudes de empleo en el contexto de las ofertas de empleo de la empresa operadora que hayan llamado su atenci\u00f3n, o cualquier solicitud de empleo no solicitada;<\/li><li>Medir la calidad y la satisfacci\u00f3n.<\/li><\/ol><p>Si no facilita la informaci\u00f3n requerida, su solicitud no podr\u00e1 ser tramitada.<\/p><h2>Compromisos de la empresa operadora en materia de protecci\u00f3n de datos personales<\/h2><h3>Transparencia y finalidad :<\/h3><p>No se recoge ni se recoger\u00e1 ning\u00fan dato personal sin su conocimiento. El car\u00e1cter facultativo u obligatorio de la informaci\u00f3n que debe comunicarse a la sociedad operadora en el marco de la recogida efectuada en el sitio web se le indicar\u00e1 previamente, mediante la presencia del s\u00edmbolo \"*\" asterisco. La empresa operadora recoge y trata sus datos personales \u00fanicamente para los fines descritos en el presente Aviso Legal.<\/p><h3>Proporcionalidad y pertinencia :<\/h3><p>La empresa operadora s\u00f3lo recoge y trata los datos personales necesarios para la correcta tramitaci\u00f3n de su solicitud o para la personalizaci\u00f3n de los servicios que se le ofrecen.<\/p><h3>Tiempo de almacenamiento de datos :<\/h3><p>La empresa operadora s\u00f3lo conservar\u00e1 sus datos personales durante el tiempo necesario para procesarlos de conformidad con la legislaci\u00f3n aplicable.<\/p><h3>Seguridad y privacidad :<\/h3><p>La empresa operadora se compromete a tomar las medidas necesarias para garantizar la confidencialidad de los datos y a no divulgarlos a terceros no autorizados.<\/p><p>Podemos revelar su informaci\u00f3n personal a las autoridades locales si as\u00ed lo exige la ley o en el curso de una investigaci\u00f3n y de acuerdo con la normativa local.<\/p><p>Como en la mayor\u00eda de los sitios web, cierta informaci\u00f3n se registra autom\u00e1ticamente a trav\u00e9s de un protocolo. Esta informaci\u00f3n incluye direcciones de protocolo (direcci\u00f3n IP), tipo de navegador utilizado, proveedor de servicios de Internet, p\u00e1ginas de referencia y finales, sistema operativo, fecha, hora y datos sobre clics.<\/p><p>Las cookies no registran la informaci\u00f3n facilitada por los usuarios durante una reserva en l\u00ednea o al registrarse en una cuenta de cliente. Las cookies identifican a su navegador y no a usted, y no pueden revelar por s\u00ed mismas su identidad.<\/p><h3>Respetar sus derechos :<\/h3><p>Se le informa de sus derechos de interrogaci\u00f3n, acceso, rectificaci\u00f3n y oposici\u00f3n por motivos leg\u00edtimos, as\u00ed como de su derecho a oponerse a la prospecci\u00f3n comercial de conformidad con las disposiciones de la ley n\u00b078-17 de 6 de enero de 1978.<\/p><h3>Derechos de acceso, rectificaci\u00f3n y oposici\u00f3n :<\/h3><p>Conforme a la ley n\u00b0 78-17 del 6 de enero de 1978, relativa a la Inform\u00e1tica, a los Archivos y a las Libertades, usted se beneficia, a simple petici\u00f3n escrita, de un derecho de acceso y de rectificaci\u00f3n sobre las informaciones que le conciernen.<br \/>Tambi\u00e9n puede, por motivos leg\u00edtimos, oponerse al tratamiento de sus datos.<\/p><p>Para ejercer cualquiera de estos derechos y obtener informaci\u00f3n sobre usted, s\u00f3lo tiene que ponerse en contacto con la empresa operadora, cuyos datos de contacto est\u00e1n disponibles al principio de este Aviso Legal.<\/p><h2>Cookies<\/h2><p>Al consultar el sitio web, determinada informaci\u00f3n relativa a la navegaci\u00f3n de su terminal puede quedar registrada en archivos denominados \"Cookies\" instalados en su terminal, a reserva de las opciones que usted haya expresado en relaci\u00f3n con las cookies y que podr\u00e1 modificar en cualquier momento.<\/p><p>Una cookie es un peque\u00f1o archivo de texto que se guarda en un espacio espec\u00edfico del disco duro de su terminal cuando consulta un servicio en l\u00ednea utilizando su navegador. Permite a su emisor identificar el terminal en el que se almacena, durante el periodo de validez o almacenamiento de la cookie.<\/p><p>Las cookies emitidas por la empresa operadora se utilizan para los fines descritos a continuaci\u00f3n, durante el periodo de validez de la cookie en cuesti\u00f3n, a reserva de sus elecciones resultantes de los par\u00e1metros del software de navegaci\u00f3n utilizado durante su visita al sitio web, cuyos ajustes puede modificar en cualquier momento.<\/p><p>Las cookies de empresas asociadas (cookies de terceros) pueden instalarse en su ordenador a trav\u00e9s de las p\u00e1ginas del sitio web<\/p><p>S\u00f3lo el remitente de una cookie puede leer o modificar la informaci\u00f3n contenida en ella.<\/p><p>En el sitio web se utilizan diferentes tipos de cookies con distintos fines. Algunas son necesarias para el uso del sitio web.<\/p><h3>Cookies anal\u00edticas<\/h3><p>Estas son las cookies que permiten a la empresa operadora :<\/p><ul><li>generar estad\u00edsticas y los distintos elementos que componen el sitio web (secciones y contenidos visitados, recorrido) con el fin de mejorar la experiencia de navegaci\u00f3n ofrecida;<\/li><li>contabilizar el n\u00famero total de anuncios que muestra en sus espacios publicitarios, identificar estos anuncios, el n\u00famero de veces que se muestran, el n\u00famero de clics y la informaci\u00f3n de navegaci\u00f3n.<\/li><\/ul><p>Ejemplo de cookies anal\u00edticas<\/p><ul><li>Anal\u00edtica: registro de datos de navegaci\u00f3n<\/li><li>utm Analytics: registro de datos de navegaci\u00f3n<\/li><li>Campa\u00f1a: registro de los datos de navegaci\u00f3n de las campa\u00f1as publicitarias<\/li><\/ul><h3>Cookies de redes sociales y plug-ins (botones sociales)<\/h3><p>La empresa operadora podr\u00e1 incluir en el sitio web herramientas para compartir contenidos con otras personas o para dar a conocer a estas otras personas su consulta o su opini\u00f3n sobre contenidos de nuestro sitio web. Es el caso, en particular, de los botones \"Compartir\" y \"Me gusta\" de redes sociales como Facebook, Twitter, etc.<\/p><p>La empresa operadora no tiene control sobre el proceso utilizado por las redes sociales para recopilar informaci\u00f3n.<\/p><ul><li>Facebook Connect: inicia sesi\u00f3n con tu cuenta de Facebook<\/li><li>Facebook Social Graph: compartir la p\u00e1gina en Facebook<\/li><li>Pinterest: compartir la p\u00e1gina en Pinterest<\/li><li>Linkedin: compartir la p\u00e1gina en Linkedin<\/li><li>Instagram: compartir la p\u00e1gina en Instagram<\/li><\/ul><h3>Cookies e identificadores autom\u00e1ticos para transacciones seguras<\/h3><p>Le informamos de que durante su pedido, la empresa operadora, o sus proveedores de servicios que act\u00faan en su nombre, pueden colocar cookies o recopilar informaci\u00f3n relativa a su terminal, en particular la informaci\u00f3n (atributos t\u00e9cnicos de seguridad) necesaria para el reconocimiento del equipo (ordenador, tableta o tel\u00e9fono m\u00f3vil) con el fin de identificar su equipo para asegurar las transacciones en su inter\u00e9s.<\/p><h3>Cookies publicitarias<\/h3><p>Los contenidos publicitarios (gr\u00e1ficos, animaciones, v\u00eddeos, etc.) mostrados en los espacios publicitarios de la empresa operadora son susceptibles de contener cookies emitidas por terceros que pueden permitir, durante el periodo de validez de las cookies, contabilizar los clics, pero tambi\u00e9n ofrecerle los anuncios m\u00e1s adecuados en funci\u00f3n de su comportamiento de navegaci\u00f3n, intereses y preferencias.<\/p><p>Rechazar las cookies publicitarias no tiene ninguna repercusi\u00f3n en el uso del sitio y no detendr\u00e1 la publicidad en el sitio o en Internet. S\u00f3lo dar\u00e1 lugar a la visualizaci\u00f3n de publicidad que no tenga en cuenta sus intereses o preferencias.<\/p><p>Estas cookies dependen principalmente de las agencias de publicidad. No podemos enumerarlas exhaustivamente:<\/p><ul><li>AdWords: compra de palabras clave patrocinadas que aparecen en Google<\/li><li>P\u00fablico personalizado de Facebook<\/li><li>publicidad dirigida: registro de la ruta de navegaci\u00f3n<\/li><\/ul><h3>Publicidad dirigida<\/h3><p>El sitio puede contener cookies emitidas por terceros (agencias y herramientas publicitarias) y permitir a estos \u00faltimos, durante el periodo de validez de la cookie, recopilar datos de navegaci\u00f3n relativos a los dispositivos que se conectan a nuestros sitios, pero tambi\u00e9n ofrecerle contenidos publicitarios susceptibles de corresponder a su navegaci\u00f3n anterior en el sitio.<\/p><p>En ning\u00fan caso esta recopilaci\u00f3n de datos permite a estos proveedores de servicios identificarle personalmente. Su nombre, apellidos, nombre de usuario, direcci\u00f3n postal, direcci\u00f3n de correo electr\u00f3nico y contrase\u00f1a no se comunican a terceros sin su consentimiento previo y expl\u00edcito.<\/p><h3>Sus opciones en relaci\u00f3n con las cookies<\/h3><p>Tiene varias opciones para gestionar las cookies. Cualquier configuraci\u00f3n que realice puede afectar a su capacidad para navegar por Internet y acceder a determinados servicios que requieren el uso de cookies.<\/p><h3>Las opciones de que dispone a trav\u00e9s de su navegador<\/h3><p>Puede personalizar su navegador de Internet (Google Chrome, Internet Explorer, Mozilla Firefox, etc.) para que las cookies se almacenen en su terminal o se rechacen.<\/p><h3>Rechazar cookies<\/h3><p>Si se niega a aceptar las cookies, algunas funciones, como la identificaci\u00f3n \/ conexi\u00f3n a su espacio personal, la personalizaci\u00f3n de su navegaci\u00f3n (elecci\u00f3n del idioma favorito, por ejemplo) dejar\u00e1n de estar disponibles.<\/p><p>La empresa explotadora declina toda responsabilidad por las consecuencias vinculadas a la degradaci\u00f3n del funcionamiento de sus servicios y funcionalidades debido al rechazo de la cookie.<\/p><h3>\u00bfC\u00f3mo ejercer sus opciones, seg\u00fan el navegador que utilice?<\/h3><p>Cada navegador tiene una configuraci\u00f3n diferente para gestionar las cookies y sus opciones. Esto se describe en el men\u00fa de ayuda de su navegador, que le indicar\u00e1 c\u00f3mo cambiar sus preferencias de cookies.<\/p><p>Para Internet Explorer\u2122 :<\/p><p><a href=\"https:\/\/support.microsoft.com\/fr-fr\/help\/17442\/windows-internet-explorer-delete-manage-cookies\" target=\"_blank\" rel=\"noopener nofollow\">https:\/\/support.microsoft.com\/fr-fr\/help\/17442\/windows-internet-explorer-delete-manage-cookies<\/a><br \/>o<\/p><p>En Internet Explorer, haga clic en el bot\u00f3n Herramientas y, a continuaci\u00f3n, en Opciones de Internet. En la pesta\u00f1a General, en Historial de exploraci\u00f3n, haz clic en Configuraci\u00f3n. Haga clic en el bot\u00f3n Mostrar archivos. Haga clic en el encabezado de la columna Nombre para ordenar todos los archivos alfab\u00e9ticamente y, a continuaci\u00f3n, despl\u00e1cese por la lista hasta que vea los archivos que empiezan por el prefijo \"Cookie\" (todas las cookies tienen este prefijo y suelen contener el nombre del sitio web que cre\u00f3 la cookie). Seleccione las cookies que contengan el nombre de la empresa operadora y elim\u00ednelas. Cierre la ventana que contiene la lista de archivos y haga doble clic en Aceptar para volver a Internet Explorer.<\/p><p>Para Safari\u2122:<\/p><p><a href=\"https:\/\/support.apple.com\/fr-fr\/guide\/safari\/sfri11471\/mac\" target=\"_blank\" rel=\"noopener nofollow\">https:\/\/support.apple.com\/fr-fr\/guide\/safari\/sfri11471\/mac<\/a><br \/>O<br \/>En su navegador, seleccione Edici\u00f3n &gt; Preferencias. Haga clic en Seguridad. Haga clic en Mostrar cookies. Seleccione las cookies que contienen el nombre de la empresa operadora y haga clic en Eliminar o Eliminar todo. Despu\u00e9s de eliminar las cookies, haga clic en Listo.<\/p><p>Para Chrome\u2122:<\/p><p><a href=\"https:\/\/support.google.com\/chrome\/bin\/answer.py?hl=fr&amp;hlrm=en&amp;answer=95647\" target=\"_blank\" rel=\"noopener nofollow\">https:\/\/support.google.com\/chrome\/bin\/answer.py?hl=fr&amp;hlrm=en&amp;answer=95647<\/a><br \/>O<br \/>Abre Google Chrome. En la barra de herramientas del navegador, haga clic en M\u00e1s. Mueve el cursor hasta M\u00e1s herramientas y haz clic en Borrar datos de navegaci\u00f3n. En la ventana Borrar datos de navegaci\u00f3n, seleccione las casillas Cookies y datos de otros sitios o plug-ins e Im\u00e1genes y archivos almacenados en cach\u00e9. Utilice el men\u00fa de la parte superior para seleccionar la cantidad de datos que desea eliminar. Seleccione Desde el principio para borrar todo. Haz clic en Borrar datos de navegaci\u00f3n.<\/p><p>Para Firefox\u2122:<\/p><p><a href=\"https:\/\/support.mozilla.org\/fr\/kb\/Activer%20et%20d%C3%A9sactiver%20les%20cookies\" target=\"_blank\" rel=\"noopener nofollow\">https:\/\/support.mozilla.org\/fr\/kb\/Activer%20et%20d%C3%A9sactiver%20les%20cookies<\/a><br \/>O<br \/>Vaya a la pesta\u00f1a \"Herramientas\" del navegador y seleccione el men\u00fa \"Opciones\". En la ventana que aparece, seleccione \"Privacidad\" y haga clic en \"Eliminar cookies espec\u00edficas\". Localice los archivos que contienen el nombre de la empresa operadora. Selecci\u00f3nalos y elim\u00ednalos.<\/p><h3>Para m\u00e1s informaci\u00f3n sobre las cookies<\/h3><p>La sociedad operadora le invita a consultar el sitio web de la CNIL en la siguiente direcci\u00f3n\u00a0<a href=\"https:\/\/www.cnil.fr\/fr\/cookies-les-outils-pour-les-maitriser\" target=\"_blank\" rel=\"noopener nofollow\">https:\/\/www.cnil.fr\/fr\/cookies-les-outils-pour-les-maitriser<\/a><\/p><h3>Remisi\u00f3n al Defensor del Consumidor<\/h3><p>De conformidad con los art\u00edculos L. 616-1 y R. 111-1 6\u00b0 del C\u00f3digo de Consumo, el cliente tiene derecho a dirigirse al Defensor del Turismo y de los Viajes, cuyos datos de contacto son actualmente los siguientes<br \/>Mediador en turismo y viajes,<br \/>MTV Mediaci\u00f3n Turismo Viajes<br \/>BP 80 303<br \/>75823 Par\u00eds Cedex 1<\/p>\t\t\t\t\t\t\t\t<\/div>\n\t\t\t\t<\/div>\n\t\t\t\t\t<\/div>\n\t\t<\/div>\n\t\t\t\t\t<\/div>\n\t\t<\/section>\n\t\t\t\t<\/div>","protected":false},"excerpt":{"rendered":"<p>Mentions l\u00e9gales Raison sociale de la soci\u00e9t\u00e9 exploitante : H\u00f4tel La Mar\u00e9baudi\u00e8reNum\u00e9ro individuel d\u2019identification de TVA : FR92383348521Capital social\u00a0: 10 000 \u20acT\u00e9l\u00e9phone\u00a0: +33 (0)2 31 22 29 48Num\u00e9ro de Siret : 38334852100014Cr\u00e9dit photo : Morbihan Tourisme &#8211; Laurent Rannou Ce site est h\u00e9berg\u00e9 par : Hetzner Online GmbH &#8211; Industriestr. 25 &#8211; 91710 Gunzenhausen &#8211; [&hellip;]<\/p>\n","protected":false},"author":11,"featured_media":0,"parent":0,"menu_order":0,"comment_status":"closed","ping_status":"closed","template":"","meta":{"inline_featured_image":false,"footnotes":""},"class_list":["post-193","page","type-page","status-publish","hentry"],"_links":{"self":[{"href":"https:\/\/www.marebaudiere.com\/es\/wp-json\/wp\/v2\/pages\/193","targetHints":{"allow":["GET"]}}],"collection":[{"href":"https:\/\/www.marebaudiere.com\/es\/wp-json\/wp\/v2\/pages"}],"about":[{"href":"https:\/\/www.marebaudiere.com\/es\/wp-json\/wp\/v2\/types\/page"}],"author":[{"embeddable":true,"href":"https:\/\/www.marebaudiere.com\/es\/wp-json\/wp\/v2\/users\/11"}],"replies":[{"embeddable":true,"href":"https:\/\/www.marebaudiere.com\/es\/wp-json\/wp\/v2\/comments?post=193"}],"version-history":[{"count":59,"href":"https:\/\/www.marebaudiere.com\/es\/wp-json\/wp\/v2\/pages\/193\/revisions"}],"predecessor-version":[{"id":5754,"href":"https:\/\/www.marebaudiere.com\/es\/wp-json\/wp\/v2\/pages\/193\/revisions\/5754"}],"wp:attachment":[{"href":"https:\/\/www.marebaudiere.com\/es\/wp-json\/wp\/v2\/media?parent=193"}],"curies":[{"name":"wp","href":"https:\/\/api.w.org\/{rel}","templated":true}]}}