{"id":155,"date":"2022-03-30T13:00:44","date_gmt":"2022-03-30T11:00:44","guid":{"rendered":"https:\/\/www.marebaudiere.com\/?page_id=155"},"modified":"2026-02-16T16:19:56","modified_gmt":"2026-02-16T15:19:56","slug":"area-de-bienestar","status":"publish","type":"page","link":"https:\/\/www.marebaudiere.com\/es\/espace-bien-etre\/","title":{"rendered":"Bienestar"},"content":{"rendered":"<div data-elementor-type=\"wp-page\" data-elementor-id=\"155\" class=\"elementor elementor-155\" data-elementor-post-type=\"page\">\n\t\t\t\t\t\t<section class=\"elementor-section elementor-top-section elementor-element elementor-element-5c2c473 elementor-section-height-min-height elementor-section-full_width elementor-section-height-default elementor-section-items-middle\" data-id=\"5c2c473\" data-element_type=\"section\" data-e-type=\"section\" data-settings=\"{&quot;background_background&quot;:&quot;classic&quot;}\">\n\t\t\t\t\t\t\t<div class=\"elementor-background-overlay\"><\/div>\n\t\t\t\t\t\t\t<div class=\"elementor-container elementor-column-gap-default\">\n\t\t\t\t\t<div class=\"elementor-column elementor-col-100 elementor-top-column elementor-element elementor-element-5355934\" data-id=\"5355934\" data-element_type=\"column\" data-e-type=\"column\">\n\t\t\t<div class=\"elementor-widget-wrap elementor-element-populated\">\n\t\t\t\t\t\t<section class=\"elementor-section elementor-inner-section elementor-element elementor-element-8aca290 elementor-section-full_width elementor-section-height-default elementor-section-height-default\" data-id=\"8aca290\" data-element_type=\"section\" data-e-type=\"section\">\n\t\t\t\t\t\t<div class=\"elementor-container elementor-column-gap-default\">\n\t\t\t\t\t<div class=\"elementor-column elementor-col-100 elementor-inner-column elementor-element elementor-element-9c4fcc8\" data-id=\"9c4fcc8\" data-element_type=\"column\" data-e-type=\"column\">\n\t\t\t<div class=\"elementor-widget-wrap elementor-element-populated\">\n\t\t\t\t\t\t<div class=\"elementor-element elementor-element-74950ec elementor-widget elementor-widget-heading\" data-id=\"74950ec\" data-element_type=\"widget\" data-e-type=\"widget\" data-widget_type=\"heading.default\">\n\t\t\t\t<div class=\"elementor-widget-container\">\n\t\t\t\t\t<h1 class=\"elementor-heading-title elementor-size-default\">Bienestar<\/h1>\t\t\t\t<\/div>\n\t\t\t\t<\/div>\n\t\t\t\t\t<\/div>\n\t\t<\/div>\n\t\t\t\t\t<\/div>\n\t\t<\/section>\n\t\t\t\t\t<\/div>\n\t\t<\/div>\n\t\t\t\t\t<\/div>\n\t\t<\/section>\n\t\t\t\t<section class=\"elementor-section elementor-top-section elementor-element elementor-element-a2375f8 elementor-section-boxed elementor-section-height-default elementor-section-height-default\" data-id=\"a2375f8\" data-element_type=\"section\" data-e-type=\"section\">\n\t\t\t\t\t\t<div class=\"elementor-container elementor-column-gap-default\">\n\t\t\t\t\t<div class=\"elementor-column elementor-col-50 elementor-top-column elementor-element elementor-element-76aee13\" data-id=\"76aee13\" data-element_type=\"column\" data-e-type=\"column\">\n\t\t\t<div class=\"elementor-widget-wrap elementor-element-populated\">\n\t\t\t\t\t\t<div class=\"elementor-element elementor-element-ce54183 animated-slow elementor-invisible elementor-widget elementor-widget-heading\" data-id=\"ce54183\" data-element_type=\"widget\" data-e-type=\"widget\" data-settings=\"{&quot;_animation&quot;:&quot;fadeIn&quot;}\" data-widget_type=\"heading.default\">\n\t\t\t\t<div class=\"elementor-widget-container\">\n\t\t\t\t\t<h2 class=\"elementor-heading-title elementor-size-default\">Zona de bienestar<\/h2>\t\t\t\t<\/div>\n\t\t\t\t<\/div>\n\t\t\t\t<div class=\"elementor-element elementor-element-e696c91 animated-slow elementor-invisible elementor-widget elementor-widget-text-editor\" data-id=\"e696c91\" data-element_type=\"widget\" data-e-type=\"widget\" data-settings=\"{&quot;_animation&quot;:&quot;fadeIn&quot;}\" data-widget_type=\"text-editor.default\">\n\t\t\t\t<div class=\"elementor-widget-container\">\n\t\t\t\t\t\t\t\t\t<h6>En nuestro Hotel Spa de Vannes, reg\u00e1lese un descanso relajante en nuestra zona de bienestar tras un d\u00eda de trabajo o un paseo en bicicleta.<\/h6><ul><li>Si busca paz y tranquilidad, rel\u00e1jese en <strong>nuestra sauna<\/strong>.<p>Aproveche esta zona privada para relajarse. Se le ofrece una sesi\u00f3n de 30 minutos mientras mima su piel.<\/p><p>(Las reservas pueden hacerse en recepci\u00f3n: 02 97 47 34 29 o contact@marebaudiere.com).<\/p><\/li><li>En busca del bienestar, aproveche su <strong>\"Escale La Mar\u00e9baudi\u00e8re<\/strong> probar nuestros masajes SOLO (90 euros por 1 hora)<\/li><\/ul><p><span style=\"color: var( --e-global-color-text ); font-family: var( --e-global-typography-text-font-family ), Sans-serif; font-size: var( --e-global-typography-text-font-size ); font-weight: var( --e-global-typography-text-font-weight );\">\u00a0<\/span><\/p><p><span style=\"color: var( --e-global-color-text ); font-family: var( --e-global-typography-text-font-family ), Sans-serif; font-size: var( --e-global-typography-text-font-size ); font-weight: var( --e-global-typography-text-font-weight );\">F\u00f3rmula relajante (masaje lento y suave para calmar el cuerpo y la mente, proporciona una relajaci\u00f3n profunda)<\/span><\/p><p><span style=\"color: var( --e-global-color-text ); font-family: var( --e-global-typography-text-font-family ), Sans-serif; font-size: var( --e-global-typography-text-font-size ); font-weight: var( --e-global-typography-text-font-weight );\">O<\/span><\/p><p><span style=\"color: var( --e-global-color-text ); font-family: var( --e-global-typography-text-font-family ), Sans-serif; font-size: var( --e-global-typography-text-font-size ); font-weight: var( --e-global-typography-text-font-weight );\">F\u00f3rmula energizante (masaje r\u00edtmico con aceite para recuperar la energ\u00eda y la vitalidad)<\/span><\/p><p><span style=\"color: var( --e-global-color-text ); font-family: var( --e-global-typography-text-font-family ), Sans-serif; font-size: var( --e-global-typography-text-font-size ); font-weight: var( --e-global-typography-text-font-weight );\">\u00a0<\/span><\/p><p>Nuestros socios Fr\u00e9d\u00e9rique, Vanessa y Pierre<\/p><p><span style=\"color: var( --e-global-color-text ); font-family: var( --e-global-typography-text-font-family ), Sans-serif; font-size: var( --e-global-typography-text-font-size ); font-weight: var( --e-global-typography-text-font-weight );\">(Reserva con 48 horas de antelaci\u00f3n en el 02 97 47 34 29 \/ contact@marebaudiere.com.<\/span><\/p><p><span style=\"color: var( --e-global-color-text ); font-family: var( --e-global-typography-text-font-family ), Sans-serif; font-size: var( --e-global-typography-text-font-size ); font-weight: var( --e-global-typography-text-font-weight );\">\u00a0<\/span><\/p><p><span style=\"color: var( --e-global-color-text ); font-family: var( --e-global-typography-text-font-family ), Sans-serif; font-size: var( --e-global-typography-text-font-size ); font-weight: var( --e-global-typography-text-font-weight );\"><strong>\u00a0<\/strong><\/span><\/p>\t\t\t\t\t\t\t\t<\/div>\n\t\t\t\t<\/div>\n\t\t\t\t\t<\/div>\n\t\t<\/div>\n\t\t\t\t<div class=\"elementor-column elementor-col-50 elementor-top-column elementor-element elementor-element-3600042\" data-id=\"3600042\" data-element_type=\"column\" data-e-type=\"column\">\n\t\t\t<div class=\"elementor-widget-wrap elementor-element-populated\">\n\t\t\t\t\t\t<div class=\"elementor-element elementor-element-d85df89 animated-slow elementor-invisible elementor-widget elementor-widget-image\" data-id=\"d85df89\" data-element_type=\"widget\" data-e-type=\"widget\" data-settings=\"{&quot;_animation&quot;:&quot;fadeIn&quot;}\" data-widget_type=\"image.default\">\n\t\t\t\t<div class=\"elementor-widget-container\">\n\t\t\t\t\t\t\t\t\t\t\t\t\t\t\t<img fetchpriority=\"high\" decoding=\"async\" width=\"2560\" height=\"1920\" src=\"https:\/\/www.marebaudiere.com\/wp-content\/uploads\/2023\/03\/spa-10-scaled.jpg\" class=\"attachment-full size-full wp-image-5311\" alt=\"Foto -\" srcset=\"https:\/\/www.marebaudiere.com\/wp-content\/uploads\/2023\/03\/spa-10-scaled.jpg 2560w, https:\/\/www.marebaudiere.com\/wp-content\/uploads\/2023\/03\/spa-10-300x225.jpg 300w, https:\/\/www.marebaudiere.com\/wp-content\/uploads\/2023\/03\/spa-10-1024x768.jpg 1024w, https:\/\/www.marebaudiere.com\/wp-content\/uploads\/2023\/03\/spa-10-768x576.jpg 768w, https:\/\/www.marebaudiere.com\/wp-content\/uploads\/2023\/03\/spa-10-1536x1152.jpg 1536w, https:\/\/www.marebaudiere.com\/wp-content\/uploads\/2023\/03\/spa-10-2048x1536.jpg 2048w, https:\/\/www.marebaudiere.com\/wp-content\/uploads\/2023\/03\/spa-10-16x12.jpg 16w\" sizes=\"(max-width: 2560px) 100vw, 2560px\">\t\t\t\t\t\t\t\t\t\t\t\t\t\t\t<\/div>\n\t\t\t\t<\/div>\n\t\t\t\t\t<\/div>\n\t\t<\/div>\n\t\t\t\t\t<\/div>\n\t\t<\/section>\n\t\t\t\t<section class=\"elementor-section elementor-top-section elementor-element elementor-element-447425c elementor-reverse-tablet elementor-reverse-mobile elementor-hidden-desktop elementor-hidden-tablet elementor-hidden-mobile elementor-section-boxed elementor-section-height-default elementor-section-height-default\" data-id=\"447425c\" data-element_type=\"section\" data-e-type=\"section\" data-settings=\"{&quot;background_background&quot;:&quot;classic&quot;}\">\n\t\t\t\t\t\t<div class=\"elementor-container elementor-column-gap-default\">\n\t\t\t\t\t<div class=\"elementor-column elementor-col-50 elementor-top-column elementor-element elementor-element-97a226d\" data-id=\"97a226d\" data-element_type=\"column\" data-e-type=\"column\">\n\t\t\t<div class=\"elementor-widget-wrap elementor-element-populated\">\n\t\t\t\t\t\t<div class=\"elementor-element elementor-element-18023f9 animated-slow elementor-invisible elementor-widget elementor-widget-image\" data-id=\"18023f9\" data-element_type=\"widget\" data-e-type=\"widget\" data-settings=\"{&quot;_animation&quot;:&quot;fadeIn&quot;}\" data-widget_type=\"image.default\">\n\t\t\t\t<div class=\"elementor-widget-container\">\n\t\t\t\t\t\t\t\t\t\t\t\t\t\t\t<img decoding=\"async\" width=\"1254\" height=\"836\" src=\"https:\/\/www.marebaudiere.com\/wp-content\/uploads\/2022\/12\/massage-hotel-marebaudiere.jpg\" class=\"attachment-full size-full wp-image-4500\" alt=\"Foto -\" srcset=\"https:\/\/www.marebaudiere.com\/wp-content\/uploads\/2022\/12\/massage-hotel-marebaudiere.jpg 1254w, https:\/\/www.marebaudiere.com\/wp-content\/uploads\/2022\/12\/massage-hotel-marebaudiere-300x200.jpg 300w, https:\/\/www.marebaudiere.com\/wp-content\/uploads\/2022\/12\/massage-hotel-marebaudiere-1024x683.jpg 1024w, https:\/\/www.marebaudiere.com\/wp-content\/uploads\/2022\/12\/massage-hotel-marebaudiere-768x512.jpg 768w, https:\/\/www.marebaudiere.com\/wp-content\/uploads\/2022\/12\/massage-hotel-marebaudiere-18x12.jpg 18w\" sizes=\"(max-width: 1254px) 100vw, 1254px\">\t\t\t\t\t\t\t\t\t\t\t\t\t\t\t<\/div>\n\t\t\t\t<\/div>\n\t\t\t\t\t<\/div>\n\t\t<\/div>\n\t\t\t\t<div class=\"elementor-column elementor-col-50 elementor-top-column elementor-element elementor-element-7266e5f\" data-id=\"7266e5f\" data-element_type=\"column\" data-e-type=\"column\">\n\t\t\t<div class=\"elementor-widget-wrap elementor-element-populated\">\n\t\t\t\t\t\t<div class=\"elementor-element elementor-element-1fc3056 animated-slow elementor-invisible elementor-widget elementor-widget-heading\" data-id=\"1fc3056\" data-element_type=\"widget\" data-e-type=\"widget\" data-settings=\"{&quot;_animation&quot;:&quot;fadeIn&quot;}\" data-widget_type=\"heading.default\">\n\t\t\t\t<div class=\"elementor-widget-container\">\n\t\t\t\t\t<h2 class=\"elementor-heading-title elementor-size-default\">Tratamientos y masajes<\/h2>\t\t\t\t<\/div>\n\t\t\t\t<\/div>\n\t\t\t\t<div class=\"elementor-element elementor-element-5aeab53 animated-slow elementor-invisible elementor-widget elementor-widget-text-editor\" data-id=\"5aeab53\" data-element_type=\"widget\" data-e-type=\"widget\" data-settings=\"{&quot;_animation&quot;:&quot;fadeIn&quot;}\" data-widget_type=\"text-editor.default\">\n\t\t\t\t<div class=\"elementor-widget-container\">\n\t\t\t\t\t\t\t\t\t<p>En cuanto a los tratamientos, concierte una cita en nuestra recepci\u00f3n y d\u00e9jese en las expertas manos de nuestro terapeuta, que le guiar\u00e1 a trav\u00e9s de los masajes ofrecidos. Sabr\u00e1 poner cuerpo y mente en perfecta armon\u00eda ofreci\u00e9ndole tratamientos adaptados, eficaces y efectivos. Nuestros tratamientos est\u00e1n sujetos a disponibilidad. Es preferible reservar con antelaci\u00f3n para su mayor satisfacci\u00f3n.<\/p>\t\t\t\t\t\t\t\t<\/div>\n\t\t\t\t<\/div>\n\t\t\t\t\t<\/div>\n\t\t<\/div>\n\t\t\t\t\t<\/div>\n\t\t<\/section>\n\t\t\t\t<section class=\"elementor-section elementor-top-section elementor-element elementor-element-62fe6c5 elementor-reverse-tablet elementor-reverse-mobile elementor-section-stretched elementor-section-boxed elementor-section-height-default elementor-section-height-default\" data-id=\"62fe6c5\" data-element_type=\"section\" data-e-type=\"section\" data-settings=\"{&quot;stretch_section&quot;:&quot;section-stretched&quot;,&quot;background_background&quot;:&quot;classic&quot;}\">\n\t\t\t\t\t\t<div class=\"elementor-container elementor-column-gap-default\">\n\t\t\t\t\t<div class=\"elementor-column elementor-col-100 elementor-top-column elementor-element elementor-element-2ca78ab\" data-id=\"2ca78ab\" data-element_type=\"column\" data-e-type=\"column\">\n\t\t\t<div class=\"elementor-widget-wrap elementor-element-populated\">\n\t\t\t\t\t\t<section class=\"elementor-section elementor-inner-section elementor-element elementor-element-b27e55f elementor-section-full_width elementor-section-height-default elementor-section-height-default\" data-id=\"b27e55f\" data-element_type=\"section\" data-e-type=\"section\">\n\t\t\t\t\t\t<div class=\"elementor-container elementor-column-gap-default\">\n\t\t\t\t\t<div class=\"elementor-column elementor-col-33 elementor-inner-column elementor-element elementor-element-c8eb425\" data-id=\"c8eb425\" data-element_type=\"column\" data-e-type=\"column\">\n\t\t\t<div class=\"elementor-widget-wrap elementor-element-populated\">\n\t\t\t\t\t\t<div class=\"elementor-element elementor-element-aff25cb elementor-cta--skin-cover elementor-cta--valign-bottom elementor-widget elementor-widget-call-to-action\" data-id=\"aff25cb\" data-element_type=\"widget\" data-e-type=\"widget\" data-widget_type=\"call-to-action.default\">\n\t\t\t\t<div class=\"elementor-widget-container\">\n\t\t\t\t\t\t\t<a class=\"elementor-cta\" href=\"https:\/\/www.marebaudiere.com\/es\/chambres\/\">\n\t\t\t\t\t<div class=\"elementor-cta__bg-wrapper\">\n\t\t\t\t<div class=\"elementor-cta__bg elementor-bg\" style=\"background-image: url(https:\/\/www.marebaudiere.com\/wp-content\/uploads\/2025\/12\/CHAMBRE-CONFORT-RDJ.jpg);\" role=\"img\" aria-label=\"HABITACI\u00d3N CONFORT RDJ\"><\/div>\n\t\t\t\t<div class=\"elementor-cta__bg-overlay\"><\/div>\n\t\t\t<\/div>\n\t\t\t\t\t\t\t<div class=\"elementor-cta__content\">\n\t\t\t\t\n\t\t\t\t\t\t\t\t\t<h2 class=\"elementor-cta__title elementor-cta__content-item elementor-content-item\">\n\t\t\t\t\t\tHabitaciones\t\t\t\t\t<\/h2>\n\t\t\t\t\n\t\t\t\t\n\t\t\t\t\t\t\t<\/div>\n\t\t\t\t\t\t<\/a>\n\t\t\t\t\t\t<\/div>\n\t\t\t\t<\/div>\n\t\t\t\t\t<\/div>\n\t\t<\/div>\n\t\t\t\t<div class=\"elementor-column elementor-col-33 elementor-inner-column elementor-element elementor-element-abca80f\" data-id=\"abca80f\" data-element_type=\"column\" data-e-type=\"column\">\n\t\t\t<div class=\"elementor-widget-wrap elementor-element-populated\">\n\t\t\t\t\t\t<div class=\"elementor-element elementor-element-a974f36 elementor-cta--skin-cover elementor-cta--valign-bottom elementor-widget elementor-widget-call-to-action\" data-id=\"a974f36\" data-element_type=\"widget\" data-e-type=\"widget\" data-widget_type=\"call-to-action.default\">\n\t\t\t\t<div class=\"elementor-widget-container\">\n\t\t\t\t\t\t\t<a class=\"elementor-cta\" href=\"https:\/\/www.marebaudiere.com\/es\/offres-speciales\/\">\n\t\t\t\t\t<div class=\"elementor-cta__bg-wrapper\">\n\t\t\t\t<div class=\"elementor-cta__bg elementor-bg\" style=\"background-image: url(https:\/\/www.marebaudiere.com\/wp-content\/uploads\/2022\/10\/Jardin-Entree-min-scaled.jpg);\" role=\"img\" aria-label=\"Entrada al jard\u00edn\"><\/div>\n\t\t\t\t<div class=\"elementor-cta__bg-overlay\"><\/div>\n\t\t\t<\/div>\n\t\t\t\t\t\t\t<div class=\"elementor-cta__content\">\n\t\t\t\t\n\t\t\t\t\t\t\t\t\t<h2 class=\"elementor-cta__title elementor-cta__content-item elementor-content-item\">\n\t\t\t\t\t\tOfertas especiales\t\t\t\t\t<\/h2>\n\t\t\t\t\n\t\t\t\t\n\t\t\t\t\t\t\t<\/div>\n\t\t\t\t\t\t<\/a>\n\t\t\t\t\t\t<\/div>\n\t\t\t\t<\/div>\n\t\t\t\t\t<\/div>\n\t\t<\/div>\n\t\t\t\t<div class=\"elementor-column elementor-col-33 elementor-inner-column elementor-element elementor-element-d9da33b\" data-id=\"d9da33b\" data-element_type=\"column\" data-e-type=\"column\">\n\t\t\t<div class=\"elementor-widget-wrap elementor-element-populated\">\n\t\t\t\t\t\t<div class=\"elementor-element elementor-element-3b77389 elementor-cta--skin-cover elementor-cta--valign-bottom elementor-widget elementor-widget-call-to-action\" data-id=\"3b77389\" data-element_type=\"widget\" data-e-type=\"widget\" data-widget_type=\"call-to-action.default\">\n\t\t\t\t<div class=\"elementor-widget-container\">\n\t\t\t\t\t\t\t<a class=\"elementor-cta\" href=\"https:\/\/www.marebaudiere.com\/es\/tourisme\/\">\n\t\t\t\t\t<div class=\"elementor-cta__bg-wrapper\">\n\t\t\t\t<div class=\"elementor-cta__bg elementor-bg\" style=\"background-image: url(https:\/\/www.marebaudiere.com\/wp-content\/uploads\/2022\/04\/golfe-du-morbihan.jpg);\" role=\"img\" aria-label=\"Golfo de Morbihan Lorient Belle-Ile y Groix\"><\/div>\n\t\t\t\t<div class=\"elementor-cta__bg-overlay\"><\/div>\n\t\t\t<\/div>\n\t\t\t\t\t\t\t<div class=\"elementor-cta__content\">\n\t\t\t\t\n\t\t\t\t\t\t\t\t\t<h2 class=\"elementor-cta__title elementor-cta__content-item elementor-content-item\">\n\t\t\t\t\t\tTurismo\t\t\t\t\t<\/h2>\n\t\t\t\t\n\t\t\t\t\n\t\t\t\t\t\t\t<\/div>\n\t\t\t\t\t\t<\/a>\n\t\t\t\t\t\t<\/div>\n\t\t\t\t<\/div>\n\t\t\t\t\t<\/div>\n\t\t<\/div>\n\t\t\t\t\t<\/div>\n\t\t<\/section>\n\t\t\t\t\t<\/div>\n\t\t<\/div>\n\t\t\t\t\t<\/div>\n\t\t<\/section>\n\t\t\t\t<\/div>","protected":false},"excerpt":{"rendered":"<p>Espace Bien \u00eatre Dans notre H\u00f4tel Spa \u00e0 Vannes, accordez-vous une pause d\u00e9tente au sein de notre espace bien-\u00eatre apr\u00e8s une journ\u00e9e de travail ou une balade \u00e0 v\u00e9lo. En qu\u00eate de qui\u00e9tude, ressourcez-vous dans notre sauna. Profitez de cet espace privatis\u00e9 pour vous relaxer. Une s\u00e9ance de 30 min vous est offerte tout en [&hellip;]<\/p>\n","protected":false},"author":11,"featured_media":0,"parent":0,"menu_order":0,"comment_status":"closed","ping_status":"closed","template":"","meta":{"inline_featured_image":false,"footnotes":""},"class_list":["post-155","page","type-page","status-publish","hentry"],"_links":{"self":[{"href":"https:\/\/www.marebaudiere.com\/es\/wp-json\/wp\/v2\/pages\/155","targetHints":{"allow":["GET"]}}],"collection":[{"href":"https:\/\/www.marebaudiere.com\/es\/wp-json\/wp\/v2\/pages"}],"about":[{"href":"https:\/\/www.marebaudiere.com\/es\/wp-json\/wp\/v2\/types\/page"}],"author":[{"embeddable":true,"href":"https:\/\/www.marebaudiere.com\/es\/wp-json\/wp\/v2\/users\/11"}],"replies":[{"embeddable":true,"href":"https:\/\/www.marebaudiere.com\/es\/wp-json\/wp\/v2\/comments?post=155"}],"version-history":[{"count":262,"href":"https:\/\/www.marebaudiere.com\/es\/wp-json\/wp\/v2\/pages\/155\/revisions"}],"predecessor-version":[{"id":5854,"href":"https:\/\/www.marebaudiere.com\/es\/wp-json\/wp\/v2\/pages\/155\/revisions\/5854"}],"wp:attachment":[{"href":"https:\/\/www.marebaudiere.com\/es\/wp-json\/wp\/v2\/media?parent=155"}],"curies":[{"name":"wp","href":"https:\/\/api.w.org\/{rel}","templated":true}]}}