{"id":168,"date":"2022-03-30T13:01:59","date_gmt":"2022-03-30T11:01:59","guid":{"rendered":"https:\/\/www.marebaudiere.com\/?page_id=168"},"modified":"2025-12-15T15:58:41","modified_gmt":"2025-12-15T14:58:41","slug":"tourism","status":"publish","type":"page","link":"https:\/\/www.marebaudiere.com\/en\/tourisme\/","title":{"rendered":"Tourism"},"content":{"rendered":"<div data-elementor-type=\"wp-page\" data-elementor-id=\"168\" class=\"elementor elementor-168\" data-elementor-post-type=\"page\">\n\t\t\t\t\t\t<section class=\"elementor-section elementor-top-section elementor-element elementor-element-b837593 elementor-section-height-min-height elementor-section-full_width elementor-section-height-default elementor-section-items-middle\" data-id=\"b837593\" data-element_type=\"section\" data-e-type=\"section\" data-settings=\"{&quot;background_background&quot;:&quot;classic&quot;}\">\n\t\t\t\t\t\t\t<div class=\"elementor-background-overlay\"><\/div>\n\t\t\t\t\t\t\t<div class=\"elementor-container elementor-column-gap-default\">\n\t\t\t\t\t<div class=\"elementor-column elementor-col-100 elementor-top-column elementor-element elementor-element-382441d\" data-id=\"382441d\" data-element_type=\"column\" data-e-type=\"column\">\n\t\t\t<div class=\"elementor-widget-wrap elementor-element-populated\">\n\t\t\t\t\t\t<section class=\"elementor-section elementor-inner-section elementor-element elementor-element-d6f230a elementor-section-full_width elementor-section-height-default elementor-section-height-default\" data-id=\"d6f230a\" data-element_type=\"section\" data-e-type=\"section\">\n\t\t\t\t\t\t<div class=\"elementor-container elementor-column-gap-default\">\n\t\t\t\t\t<div class=\"elementor-column elementor-col-100 elementor-inner-column elementor-element elementor-element-f8acbe2\" data-id=\"f8acbe2\" data-element_type=\"column\" data-e-type=\"column\">\n\t\t\t<div class=\"elementor-widget-wrap elementor-element-populated\">\n\t\t\t\t\t\t<div class=\"elementor-element elementor-element-2d4cfa0 elementor-widget elementor-widget-heading\" data-id=\"2d4cfa0\" data-element_type=\"widget\" data-e-type=\"widget\" data-widget_type=\"heading.default\">\n\t\t\t\t<div class=\"elementor-widget-container\">\n\t\t\t\t\t<h1 class=\"elementor-heading-title elementor-size-default\">Tourism<\/h1>\t\t\t\t<\/div>\n\t\t\t\t<\/div>\n\t\t\t\t\t<\/div>\n\t\t<\/div>\n\t\t\t\t\t<\/div>\n\t\t<\/section>\n\t\t\t\t\t<\/div>\n\t\t<\/div>\n\t\t\t\t\t<\/div>\n\t\t<\/section>\n\t\t\t\t<section class=\"elementor-section elementor-top-section elementor-element elementor-element-bc71b15 elementor-reverse-tablet elementor-reverse-mobile elementor-section-boxed elementor-section-height-default elementor-section-height-default\" data-id=\"bc71b15\" data-element_type=\"section\" data-e-type=\"section\">\n\t\t\t\t\t\t<div class=\"elementor-container elementor-column-gap-default\">\n\t\t\t\t\t<div class=\"elementor-column elementor-col-100 elementor-top-column elementor-element elementor-element-c01e2ce\" data-id=\"c01e2ce\" data-element_type=\"column\" data-e-type=\"column\">\n\t\t\t<div class=\"elementor-widget-wrap elementor-element-populated\">\n\t\t\t\t\t\t<div class=\"elementor-element elementor-element-3b0401d elementor-widget elementor-widget-heading\" data-id=\"3b0401d\" data-element_type=\"widget\" data-e-type=\"widget\" data-widget_type=\"heading.default\">\n\t\t\t\t<div class=\"elementor-widget-container\">\n\t\t\t\t\t<h2 class=\"elementor-heading-title elementor-size-default\">Hotel la mar\u00e9baudi\u00e8re vannes<\/h2>\t\t\t\t<\/div>\n\t\t\t\t<\/div>\n\t\t\t\t<div class=\"elementor-element elementor-element-68dcd92 elementor-widget elementor-widget-heading\" data-id=\"68dcd92\" data-element_type=\"widget\" data-e-type=\"widget\" data-widget_type=\"heading.default\">\n\t\t\t\t<div class=\"elementor-widget-container\">\n\t\t\t\t\t<span class=\"elementor-heading-title elementor-size-default\">The ideal point of your Breton escapade<\/span>\t\t\t\t<\/div>\n\t\t\t\t<\/div>\n\t\t\t\t<div class=\"elementor-element elementor-element-fc8f8f5 elementor-widget elementor-widget-text-editor\" data-id=\"fc8f8f5\" data-element_type=\"widget\" data-e-type=\"widget\" data-widget_type=\"text-editor.default\">\n\t\t\t\t<div class=\"elementor-widget-container\">\n\t\t\t\t\t\t\t\t\t<p>Just 5 minutes from the historic centre of Vannes, Hotel La Mar\u00e9baudi\u00e8re offers you a quiet and peaceful moment in the city centre. Take advantage of your stay in our modern establishment to visit the medieval old town and discover the beauty of the islands of the Gulf of Morbihan!<br \/>From our hotel, the city of Vannes reveals a rich landscape that lends itself to visits and escapades between nature and culture.<\/p>\t\t\t\t\t\t\t\t<\/div>\n\t\t\t\t<\/div>\n\t\t\t\t\t<\/div>\n\t\t<\/div>\n\t\t\t\t\t<\/div>\n\t\t<\/section>\n\t\t\t\t<section class=\"elementor-section elementor-top-section elementor-element elementor-element-373492d elementor-reverse-tablet elementor-reverse-mobile elementor-section-boxed elementor-section-height-default elementor-section-height-default\" data-id=\"373492d\" data-element_type=\"section\" data-e-type=\"section\" data-settings=\"{&quot;background_background&quot;:&quot;classic&quot;}\">\n\t\t\t\t\t\t<div class=\"elementor-container elementor-column-gap-default\">\n\t\t\t\t\t<div class=\"elementor-column elementor-col-100 elementor-top-column elementor-element elementor-element-bc6e919\" data-id=\"bc6e919\" data-element_type=\"column\" data-e-type=\"column\">\n\t\t\t<div class=\"elementor-widget-wrap elementor-element-populated\">\n\t\t\t\t\t\t<div class=\"elementor-element elementor-element-b0ebc9f elementor-widget elementor-widget-heading\" data-id=\"b0ebc9f\" data-element_type=\"widget\" data-e-type=\"widget\" data-widget_type=\"heading.default\">\n\t\t\t\t<div class=\"elementor-widget-container\">\n\t\t\t\t\t<h2 class=\"elementor-heading-title elementor-size-default\">Discover Vannes and its region<\/h2>\t\t\t\t<\/div>\n\t\t\t\t<\/div>\n\t\t\t\t<div class=\"elementor-element elementor-element-fa02071 elementor-posts--align-center liste-tourisme elementor-grid-3 elementor-grid-tablet-2 elementor-grid-mobile-1 elementor-posts--thumbnail-top elementor-widget elementor-widget-posts\" data-id=\"fa02071\" data-element_type=\"widget\" data-e-type=\"widget\" data-settings=\"{&quot;classic_columns&quot;:&quot;3&quot;,&quot;classic_columns_tablet&quot;:&quot;2&quot;,&quot;classic_columns_mobile&quot;:&quot;1&quot;,&quot;classic_row_gap&quot;:{&quot;unit&quot;:&quot;px&quot;,&quot;size&quot;:35,&quot;sizes&quot;:[]},&quot;classic_row_gap_tablet&quot;:{&quot;unit&quot;:&quot;px&quot;,&quot;size&quot;:&quot;&quot;,&quot;sizes&quot;:[]},&quot;classic_row_gap_mobile&quot;:{&quot;unit&quot;:&quot;px&quot;,&quot;size&quot;:&quot;&quot;,&quot;sizes&quot;:[]}}\" data-widget_type=\"posts.classic\">\n\t\t\t\t<div class=\"elementor-widget-container\">\n\t\t\t\t\t\t\t<div class=\"elementor-posts-container elementor-posts elementor-posts--skin-classic elementor-grid\" role=\"list\">\n\t\t\t\t<article class=\"elementor-post elementor-grid-item post-5101 post type-post status-publish format-standard has-post-thumbnail hentry category-tourisme\" role=\"listitem\">\n\t\t\t\t<a class=\"elementor-post__thumbnail__link\" href=\"https:\/\/www.marebaudiere.com\/en\/la-ville-de-vannes\/\" tabindex=\"-1\" >\n\t\t\t<div class=\"elementor-post__thumbnail\"><img fetchpriority=\"high\" decoding=\"async\" width=\"1252\" height=\"838\" src=\"https:\/\/www.marebaudiere.com\/wp-content\/uploads\/2022\/04\/vannes-2.jpg\" class=\"attachment-full size-full wp-image-4903\" alt=\"Photo -\" srcset=\"https:\/\/www.marebaudiere.com\/wp-content\/uploads\/2022\/04\/vannes-2.jpg 1252w, https:\/\/www.marebaudiere.com\/wp-content\/uploads\/2022\/04\/vannes-2-300x201.jpg 300w, https:\/\/www.marebaudiere.com\/wp-content\/uploads\/2022\/04\/vannes-2-1024x685.jpg 1024w, https:\/\/www.marebaudiere.com\/wp-content\/uploads\/2022\/04\/vannes-2-768x514.jpg 768w, https:\/\/www.marebaudiere.com\/wp-content\/uploads\/2022\/04\/vannes-2-18x12.jpg 18w\" sizes=\"(max-width: 1252px) 100vw, 1252px\" \/><\/div>\n\t\t<\/a>\n\t\t\t\t<div class=\"elementor-post__text\">\n\t\t\t\t<h3 class=\"elementor-post__title\">\n\t\t\t<a href=\"https:\/\/www.marebaudiere.com\/en\/la-ville-de-vannes\/\" >\n\t\t\t\tThe city of Vannes\t\t\t<\/a>\n\t\t<\/h3>\n\t\t\n\t\t<a class=\"elementor-post__read-more\" href=\"https:\/\/www.marebaudiere.com\/en\/la-ville-de-vannes\/\" aria-label=\"Read more about The city of Vannes\" tabindex=\"-1\" >\n\t\t\tRead more\t\t<\/a>\n\n\t\t\t\t<\/div>\n\t\t\t\t<\/article>\n\t\t\t\t<article class=\"elementor-post elementor-grid-item post-1696 post type-post status-publish format-standard has-post-thumbnail hentry category-tourisme\" role=\"listitem\">\n\t\t\t\t<a class=\"elementor-post__thumbnail__link\" href=\"https:\/\/www.marebaudiere.com\/en\/golfe-du-morbihan\/\" tabindex=\"-1\" >\n\t\t\t<div class=\"elementor-post__thumbnail\"><img decoding=\"async\" width=\"1140\" height=\"760\" src=\"https:\/\/www.marebaudiere.com\/wp-content\/uploads\/2022\/04\/Port-Navalo-Golfe-du-Morbihan.jpg\" class=\"attachment-full size-full wp-image-4531\" alt=\"Photo -\" srcset=\"https:\/\/www.marebaudiere.com\/wp-content\/uploads\/2022\/04\/Port-Navalo-Golfe-du-Morbihan.jpg 1140w, https:\/\/www.marebaudiere.com\/wp-content\/uploads\/2022\/04\/Port-Navalo-Golfe-du-Morbihan-300x200.jpg 300w, https:\/\/www.marebaudiere.com\/wp-content\/uploads\/2022\/04\/Port-Navalo-Golfe-du-Morbihan-1024x683.jpg 1024w, https:\/\/www.marebaudiere.com\/wp-content\/uploads\/2022\/04\/Port-Navalo-Golfe-du-Morbihan-768x512.jpg 768w, https:\/\/www.marebaudiere.com\/wp-content\/uploads\/2022\/04\/Port-Navalo-Golfe-du-Morbihan-18x12.jpg 18w\" sizes=\"(max-width: 1140px) 100vw, 1140px\" \/><\/div>\n\t\t<\/a>\n\t\t\t\t<div class=\"elementor-post__text\">\n\t\t\t\t<h3 class=\"elementor-post__title\">\n\t\t\t<a href=\"https:\/\/www.marebaudiere.com\/en\/golfe-du-morbihan\/\" >\n\t\t\t\tThe Gulf of Morbihan\t\t\t<\/a>\n\t\t<\/h3>\n\t\t\n\t\t<a class=\"elementor-post__read-more\" href=\"https:\/\/www.marebaudiere.com\/en\/golfe-du-morbihan\/\" aria-label=\"Read more about The Gulf of Morbihan\" tabindex=\"-1\" >\n\t\t\tRead more\t\t<\/a>\n\n\t\t\t\t<\/div>\n\t\t\t\t<\/article>\n\t\t\t\t<\/div>\n\t\t\n\t\t\t\t\t\t<\/div>\n\t\t\t\t<\/div>\n\t\t\t\t\t<\/div>\n\t\t<\/div>\n\t\t\t\t\t<\/div>\n\t\t<\/section>\n\t\t\t\t<\/div>","protected":false},"excerpt":{"rendered":"<p>H\u00f4tel la mar\u00e9baudi\u00e8re vannes The ideal base for your Breton getaway Just 5 minutes from the historic centre of Vannes, H\u00f4tel la mar\u00e9baudi\u00e8re vannes is the ideal base for your Breton getaway.<\/p>","protected":false},"author":11,"featured_media":1315,"parent":0,"menu_order":0,"comment_status":"closed","ping_status":"closed","template":"","meta":{"inline_featured_image":false,"footnotes":""},"class_list":["post-168","page","type-page","status-publish","has-post-thumbnail","hentry"],"_links":{"self":[{"href":"https:\/\/www.marebaudiere.com\/en\/wp-json\/wp\/v2\/pages\/168","targetHints":{"allow":["GET"]}}],"collection":[{"href":"https:\/\/www.marebaudiere.com\/en\/wp-json\/wp\/v2\/pages"}],"about":[{"href":"https:\/\/www.marebaudiere.com\/en\/wp-json\/wp\/v2\/types\/page"}],"author":[{"embeddable":true,"href":"https:\/\/www.marebaudiere.com\/en\/wp-json\/wp\/v2\/users\/11"}],"replies":[{"embeddable":true,"href":"https:\/\/www.marebaudiere.com\/en\/wp-json\/wp\/v2\/comments?post=168"}],"version-history":[{"count":252,"href":"https:\/\/www.marebaudiere.com\/en\/wp-json\/wp\/v2\/pages\/168\/revisions"}],"predecessor-version":[{"id":5796,"href":"https:\/\/www.marebaudiere.com\/en\/wp-json\/wp\/v2\/pages\/168\/revisions\/5796"}],"wp:featuredmedia":[{"embeddable":true,"href":"https:\/\/www.marebaudiere.com\/en\/wp-json\/wp\/v2\/media\/1315"}],"wp:attachment":[{"href":"https:\/\/www.marebaudiere.com\/en\/wp-json\/wp\/v2\/media?parent=168"}],"curies":[{"name":"wp","href":"https:\/\/api.w.org\/{rel}","templated":true}]}}