{"id":188,"date":"2022-03-30T13:07:03","date_gmt":"2022-03-30T11:07:03","guid":{"rendered":"https:\/\/www.marebaudiere.com\/?page_id=188"},"modified":"2026-03-04T11:52:43","modified_gmt":"2026-03-04T10:52:43","slug":"angebot-specials","status":"publish","type":"page","link":"https:\/\/www.marebaudiere.com\/de\/offres-speciales\/","title":{"rendered":"Angebote"},"content":{"rendered":"<div data-elementor-type=\"wp-page\" data-elementor-id=\"188\" class=\"elementor elementor-188\" data-elementor-post-type=\"page\">\n\t\t\t\t\t\t<section class=\"elementor-section elementor-top-section elementor-element elementor-element-b87da4b elementor-section-height-min-height elementor-section-full_width elementor-section-height-default elementor-section-items-middle\" data-id=\"b87da4b\" data-element_type=\"section\" data-e-type=\"section\" data-settings=\"{&quot;background_background&quot;:&quot;classic&quot;}\">\n\t\t\t\t\t\t\t<div class=\"elementor-background-overlay\"><\/div>\n\t\t\t\t\t\t\t<div class=\"elementor-container elementor-column-gap-default\">\n\t\t\t\t\t<div class=\"elementor-column elementor-col-100 elementor-top-column elementor-element elementor-element-396c739\" data-id=\"396c739\" data-element_type=\"column\" data-e-type=\"column\">\n\t\t\t<div class=\"elementor-widget-wrap elementor-element-populated\">\n\t\t\t\t\t\t<section class=\"elementor-section elementor-inner-section elementor-element elementor-element-d944a6b elementor-section-full_width elementor-section-height-default elementor-section-height-default\" data-id=\"d944a6b\" data-element_type=\"section\" data-e-type=\"section\">\n\t\t\t\t\t\t<div class=\"elementor-container elementor-column-gap-default\">\n\t\t\t\t\t<div class=\"elementor-column elementor-col-100 elementor-inner-column elementor-element elementor-element-992036f\" data-id=\"992036f\" data-element_type=\"column\" data-e-type=\"column\">\n\t\t\t<div class=\"elementor-widget-wrap elementor-element-populated\">\n\t\t\t\t\t\t<div class=\"elementor-element elementor-element-a5fe01c elementor-widget elementor-widget-heading\" data-id=\"a5fe01c\" data-element_type=\"widget\" data-e-type=\"widget\" data-widget_type=\"heading.default\">\n\t\t\t\t<div class=\"elementor-widget-container\">\n\t\t\t\t\t<h1 class=\"elementor-heading-title elementor-size-default\">Angebote<\/h1>\t\t\t\t<\/div>\n\t\t\t\t<\/div>\n\t\t\t\t\t<\/div>\n\t\t<\/div>\n\t\t\t\t\t<\/div>\n\t\t<\/section>\n\t\t\t\t\t<\/div>\n\t\t<\/div>\n\t\t\t\t\t<\/div>\n\t\t<\/section>\n\t\t\t\t<section class=\"elementor-section elementor-top-section elementor-element elementor-element-c931331 elementor-reverse-tablet elementor-reverse-mobile elementor-section-boxed elementor-section-height-default elementor-section-height-default\" data-id=\"c931331\" data-element_type=\"section\" data-e-type=\"section\">\n\t\t\t\t\t\t<div class=\"elementor-container elementor-column-gap-default\">\n\t\t\t\t\t<div class=\"elementor-column elementor-col-100 elementor-top-column elementor-element elementor-element-c16644c\" data-id=\"c16644c\" data-element_type=\"column\" data-e-type=\"column\">\n\t\t\t<div class=\"elementor-widget-wrap elementor-element-populated\">\n\t\t\t\t\t\t<div class=\"elementor-element elementor-element-294d82b elementor-widget elementor-widget-heading\" data-id=\"294d82b\" data-element_type=\"widget\" data-e-type=\"widget\" data-widget_type=\"heading.default\">\n\t\t\t\t<div class=\"elementor-widget-container\">\n\t\t\t\t\t<h2 class=\"elementor-heading-title elementor-size-default\">Das Hotel La Mar\u00e9baudi\u00e8re <br \/>The Originals Boutique Hotel<\/h2>\t\t\t\t<\/div>\n\t\t\t\t<\/div>\n\t\t\t\t<div class=\"elementor-element elementor-element-2d02b19 elementor-widget elementor-widget-text-editor\" data-id=\"2d02b19\" data-element_type=\"widget\" data-e-type=\"widget\" data-widget_type=\"text-editor.default\">\n\t\t\t\t<div class=\"elementor-widget-container\">\n\t\t\t\t\t\t\t\t\t<p>Das Hotel La Mar\u00e9baudi\u00e8re tritt dem Netzwerk The Originals Human Hotels and Resort bei, einer Hotelmarke mit starken Werten, bei der der Mensch und das lokale Erlebnis im Mittelpunkt stehen.<\/p><p>\u00a0<\/p><p><strong>Treueangebot <\/strong><br \/>Werden Sie Mitglied und profitieren Sie das ganze Jahr \u00fcber von Erlebnissen und Treuevorteilen. Der Originals Club ist das Treueprogramm von The Originals, Hotels &amp; Resorts. Damit sammeln Sie Punkte, die Sie f\u00fcr die Entdeckung weiterer Reiseziele einl\u00f6sen k\u00f6nnen. Weitere Informationen finden Sie hier. <a href=\"https:\/\/www.theoriginalshotels.com\/fidelite\" target=\"_blank\" rel=\"noopener nofollow\">https:\/\/www.theoriginalshotels.com\/fidelite<\/a><\/p>\t\t\t\t\t\t\t\t<\/div>\n\t\t\t\t<\/div>\n\t\t\t\t\t<\/div>\n\t\t<\/div>\n\t\t\t\t\t<\/div>\n\t\t<\/section>\n\t\t\t\t<\/div>","protected":false},"excerpt":{"rendered":"<p>L\u2019H\u00f4tel La Mar\u00e9baudi\u00e8re The Originals Boutique Hotel L\u2019H\u00f4tel La Mar\u00e9baudi\u00e8re rejoint le r\u00e9seau The Originals Human Hotels and Resort, une marque h\u00f4teli\u00e8re aux valeurs fortes o\u00f9 l\u2019humain et l\u2019exp\u00e9rience locale sont au c\u0153ur de ses pr\u00e9occupations. \u00a0 Offre Fid\u00e9lit\u00e9 Profitez d\u2019exp\u00e9riences et d\u2019avantages fid\u00e9lit\u00e9 toute l\u2019ann\u00e9e en devenant membre. The Originals Club est le programme [&hellip;]<\/p>\n","protected":false},"author":11,"featured_media":1316,"parent":0,"menu_order":0,"comment_status":"closed","ping_status":"closed","template":"","meta":{"inline_featured_image":false,"footnotes":""},"class_list":["post-188","page","type-page","status-publish","has-post-thumbnail","hentry"],"_links":{"self":[{"href":"https:\/\/www.marebaudiere.com\/de\/wp-json\/wp\/v2\/pages\/188","targetHints":{"allow":["GET"]}}],"collection":[{"href":"https:\/\/www.marebaudiere.com\/de\/wp-json\/wp\/v2\/pages"}],"about":[{"href":"https:\/\/www.marebaudiere.com\/de\/wp-json\/wp\/v2\/types\/page"}],"author":[{"embeddable":true,"href":"https:\/\/www.marebaudiere.com\/de\/wp-json\/wp\/v2\/users\/11"}],"replies":[{"embeddable":true,"href":"https:\/\/www.marebaudiere.com\/de\/wp-json\/wp\/v2\/comments?post=188"}],"version-history":[{"count":177,"href":"https:\/\/www.marebaudiere.com\/de\/wp-json\/wp\/v2\/pages\/188\/revisions"}],"predecessor-version":[{"id":5867,"href":"https:\/\/www.marebaudiere.com\/de\/wp-json\/wp\/v2\/pages\/188\/revisions\/5867"}],"wp:featuredmedia":[{"embeddable":true,"href":"https:\/\/www.marebaudiere.com\/de\/wp-json\/wp\/v2\/media\/1316"}],"wp:attachment":[{"href":"https:\/\/www.marebaudiere.com\/de\/wp-json\/wp\/v2\/media?parent=188"}],"curies":[{"name":"wp","href":"https:\/\/api.w.org\/{rel}","templated":true}]}}